{"id":83,"date":"2020-05-02T15:26:06","date_gmt":"2020-05-02T14:26:06","guid":{"rendered":"http:\/\/www.coolastecentrum.com\/?page_id=83"},"modified":"2023-07-05T17:05:35","modified_gmt":"2023-07-05T16:05:35","slug":"dokument","status":"publish","type":"page","link":"https:\/\/www.coolastecentrum.com\/index.php\/dokument\/","title":{"rendered":"Dokument"},"content":{"rendered":"\n<h2 class=\"wp-block-heading\">Reseguide f\u00f6r bes\u00f6kare i vinterklimat<\/h2>\n\n\n\n<p><strong>ATT VISTAS I VINTERKLIMAT<\/strong><\/p>\n\n\n\n<p>Vinterhalv\u00e5ret \u00e4r en exotisk period f\u00f6r bes\u00f6kare eftersom man d\u00e5 antingen ser solen bara under n\u00e5gon timme eller s\u00e5 stiger den inte alls \u00f6ver horisonten.<\/p>\n\n\n\n<div class=\"wp-block-buttons is-layout-flex wp-block-buttons-is-layout-flex\">\n<div class=\"wp-block-button\"><a class=\"wp-block-button__link wp-element-button\" href=\"https:\/\/www.coolastecentrum.com\/wp-content\/uploads\/2020\/10\/Reseguide-for-besokare-i-vinterklimat-2.pdf\" target=\"_blank\" rel=\"noreferrer noopener\">Ladda ner reseguiden h\u00e4r<\/a><\/div>\n<\/div>\n\n\n\n<p><\/p>\n\n\n\n<p><\/p>\n\n\n\n<h2 class=\"wp-block-heading\">Att bygga en vak <\/h2>\n\n\n\n<p>Verktyg och instruktioner hur man bygger en vak. <\/p>\n\n\n\n<div class=\"wp-block-buttons is-layout-flex wp-block-buttons-is-layout-flex\">\n<div class=\"wp-block-button is-style-fill\"><a class=\"wp-block-button__link has-sitebg-color has-accent-2-background-color has-text-color has-background wp-element-button\">Ladda ned dokumentet h\u00e4r<\/a><\/div>\n<\/div>\n\n\n\n<div data-wp-interactive=\"core\/file\" class=\"wp-block-file\"><object data-wp-bind--hidden=\"!state.hasPdfPreview\" hidden class=\"wp-block-file__embed\" data=\"https:\/\/www.coolastecentrum.com\/wp-content\/uploads\/2023\/07\/Travel-guide-for-visitors-in-winter-climate-Coolaste-Centrum-1.pdf\" type=\"application\/pdf\" style=\"width:100%;height:600px\" aria-label=\"Inb\u00e4ddning av Travel-guide-for-visitors-in-winter-climate-Coolaste-Centrum-1.\"><\/object><a id=\"wp-block-file--media-d23d71e8-fa4b-43b1-8cf7-2ebe71c84c75\" href=\"https:\/\/www.coolastecentrum.com\/wp-content\/uploads\/2023\/07\/Travel-guide-for-visitors-in-winter-climate-Coolaste-Centrum-1.pdf\">Travel-guide-for-visitors-in-winter-climate-Coolaste-Centrum-1<\/a><a href=\"https:\/\/www.coolastecentrum.com\/wp-content\/uploads\/2023\/07\/Travel-guide-for-visitors-in-winter-climate-Coolaste-Centrum-1.pdf\" class=\"wp-block-file__button wp-element-button\" download aria-describedby=\"wp-block-file--media-d23d71e8-fa4b-43b1-8cf7-2ebe71c84c75\">Ladda ner<\/a><\/div>\n\n\n\n<div data-wp-interactive=\"core\/file\" class=\"wp-block-file\"><object data-wp-bind--hidden=\"!state.hasPdfPreview\" hidden class=\"wp-block-file__embed\" data=\"https:\/\/www.coolastecentrum.com\/wp-content\/uploads\/2023\/07\/Reseguide-3.pdf\" type=\"application\/pdf\" style=\"width:100%;height:600px\" aria-label=\"Inb\u00e4ddning av Reseguide.\"><\/object><a id=\"wp-block-file--media-b438865d-2453-4c48-9a2d-f92e28fecced\" href=\"https:\/\/www.coolastecentrum.com\/wp-content\/uploads\/2023\/07\/Reseguide-3.pdf\">Reseguide<\/a><a href=\"https:\/\/www.coolastecentrum.com\/wp-content\/uploads\/2023\/07\/Reseguide-3.pdf\" class=\"wp-block-file__button wp-element-button\" download aria-describedby=\"wp-block-file--media-b438865d-2453-4c48-9a2d-f92e28fecced\">Ladda ner<\/a><\/div>\n\n\n\n<div data-wp-interactive=\"core\/file\" class=\"wp-block-file\"><object data-wp-bind--hidden=\"!state.hasPdfPreview\" hidden class=\"wp-block-file__embed\" data=\"https:\/\/www.coolastecentrum.com\/wp-content\/uploads\/2023\/07\/Reseguide_engelskt-version-1.pdf\" type=\"application\/pdf\" style=\"width:100%;height:600px\" aria-label=\"Inb\u00e4ddning av Reseguide_engelskt version.\"><\/object><a id=\"wp-block-file--media-1533dfcb-aa0a-41c7-8791-1ce50859e641\" href=\"https:\/\/www.coolastecentrum.com\/wp-content\/uploads\/2023\/07\/Reseguide_engelskt-version-1.pdf\">Reseguide_engelskt version<\/a><a href=\"https:\/\/www.coolastecentrum.com\/wp-content\/uploads\/2023\/07\/Reseguide_engelskt-version-1.pdf\" class=\"wp-block-file__button wp-element-button\" download aria-describedby=\"wp-block-file--media-1533dfcb-aa0a-41c7-8791-1ce50859e641\">Ladda ner<\/a><\/div>\n\n\n\n\n\n\n<div class=\"wp-block-edd-downloads edd-blocks__downloads edd-blocks__columns edd-blocks__columns-3\">\n\t\t\t<article class=\"edd-blocks__download\">\n\t\t\t\n<header class=\"edd-blocks__download-header\">\n\t<h3><a href=\"https:\/\/www.coolastecentrum.com\/index.php\/downloads\/bruna-fettet-och-cancer-https-www-svt-se-nyheter-vetenskap-brunt-fett-oppnar-nytt-spar-i-kampen-mot-cancer\/\">Bruna fettet och cancer https:\/\/www.svt.se\/nyheter\/vetenskap\/brunt-fett-oppnar-nytt-spar-i-kampen-mot-cancer<\/a><\/h3><\/header>\n<div class=\"edd-blocks__download-content\">\n\t\t\t<div class=\"edd-blocks__download-price\">\n\t\t\t<span class=\"edd_price\" id=\"edd_price_353\">Free<\/span>\t\t<\/div>\n\t\t<\/div>\n<footer class=\"edd-blocks__download-footer\">\n\t<div class=\"wp-block-edd-buy-button edd-blocks__buy-button\">\t<form id=\"edd_purchase_353\" class=\"edd_download_purchase_form edd_purchase_353\" method=\"post\">\n\n\t\t\n\t\t<div class=\"edd_purchase_submit_wrapper\">\n\t\t\t<button class=\"edd-add-to-cart button blue edd-submit alignnone\" data-nonce=\"f778770694\" data-timestamp=\"1776952019\" data-token=\"b01315b730adca2f34663fc7d3b3ffba265263844c9b93e4fef2666545a19f70\" data-action=\"edd_add_to_cart\" data-download-id=\"353\" data-variable-price=\"no\" data-price-mode=single data-price=\"0.00\" ><span class=\"edd-add-to-cart-label\">Free&nbsp;&ndash;&nbsp;Purchase<\/span> <span class=\"edd-loading\" aria-label=\"Loading\"><\/span><\/button><input type=\"submit\" class=\"edd-add-to-cart edd-no-js button blue edd-submit alignnone\" name=\"edd_purchase_download\" value=\"Free&nbsp;&ndash;&nbsp;Purchase\" data-action=\"edd_add_to_cart\" data-download-id=\"353\" data-variable-price=\"no\" data-price-mode=single \/><a href=\"https:\/\/www.coolastecentrum.com\/index.php\/checkout\/\" class=\"edd_go_to_checkout button blue edd-submit alignnone\" style=\"display:none;\">Checkout<\/a>\n\t\t\t\t\t\t\t<span class=\"edd-cart-ajax-alert\" aria-live=\"assertive\">\n\t\t\t\t\t<span class=\"edd-cart-added-alert\" style=\"display: none;\">\n\t\t\t\t\t\t<svg class=\"edd-icon edd-icon-check\" xmlns=\"http:\/\/www.w3.org\/2000\/svg\" width=\"28\" height=\"28\" viewBox=\"0 0 28 28\" aria-hidden=\"true\">\n\t\t\t\t\t\t\t<path d=\"M26.11 8.844c0 .39-.157.78-.44 1.062L12.234 23.344c-.28.28-.672.438-1.062.438s-.78-.156-1.06-.438l-7.782-7.78c-.28-.282-.438-.673-.438-1.063s.156-.78.438-1.06l2.125-2.126c.28-.28.672-.438 1.062-.438s.78.156 1.062.438l4.594 4.61L21.42 5.656c.282-.28.673-.438 1.063-.438s.78.155 1.062.437l2.125 2.125c.28.28.438.672.438 1.062z\"\/>\n\t\t\t\t\t\t<\/svg>\n\t\t\t\t\t\tAdded to cart\t\t\t\t\t<\/span>\n\t\t\t\t<\/span>\n\t\t\t\t\t\t\t\t<\/div><!--end .edd_purchase_submit_wrapper-->\n\n\t\t<input type=\"hidden\" name=\"download_id\" value=\"353\">\n\t\t\t\t\t\t\t<input type=\"hidden\" name=\"edd_action\" class=\"edd_action_input\" value=\"add_to_cart\">\n\t\t\n\t\t\t\t\t<input type=\"hidden\" name=\"edd_redirect_to_checkout\" value=\"1\">\n\t\t\n\t\t\n\t\t\n\t<\/form><!--end #edd_purchase_353-->\n\t<\/div><\/footer>\n\t\t<\/article>\n\t\t\t\t<article class=\"edd-blocks__download\">\n\t\t\t\n<header class=\"edd-blocks__download-header\">\n\t<h3><a href=\"https:\/\/www.coolastecentrum.com\/index.php\/downloads\/ladda-ner-dokumentet-har\/\">Att bygga en vak<\/a><\/h3><\/header>\n<div class=\"edd-blocks__download-content\">\n\t<p>Att bygga en vak Verktyg och instruktioner hur man bygger en vak. Att bygga en vak &nbsp;<\/p>\n\t\t<div class=\"edd-blocks__download-price\">\n\t\t\t<span class=\"edd_price\" id=\"edd_price_196\">Free<\/span>\t\t<\/div>\n\t\t<\/div>\n<footer class=\"edd-blocks__download-footer\">\n\t<div class=\"wp-block-edd-buy-button edd-blocks__buy-button\">\n<a href=\"https:\/\/www.coolastecentrum.com\/wp-content\/uploads\/2021\/04\/Att-gora-vak.pdf\" class=\"edd_free_link button blue edd-submit alignnone\">\n\t<span class=\"edd-add-to-cart-label\">Download<\/span>\n<\/a>\n<\/div><\/footer>\n\t\t<\/article>\n\t\t\t\t<article class=\"edd-blocks__download\">\n\t\t\t\n<header class=\"edd-blocks__download-header\">\n\t<h3><a href=\"https:\/\/www.coolastecentrum.com\/index.php\/downloads\/handbok-for-besokare-i-kallt-klimat\/\">Reseguide f\u00f6r bes\u00f6kare i vinterklimat<\/a><\/h3><\/header>\n<div class=\"edd-blocks__download-content\">\n\t<p><strong>ATT VISTAS I VINTERKLIMAT<\/strong><\/p>\n<p>Vinterhalv\u00e5ret \u00e4r en exotisk period f\u00f6r bes\u00f6kare eftersom man d\u00e5 antingen ser solen bara under n\u00e5gon timme eller s\u00e5 stiger den inte alls \u00f6ver horisonten. <\/p>\n\t\t<div class=\"edd-blocks__download-price\">\n\t\t\t<span class=\"edd_price\" id=\"edd_price_138\">Free<\/span>\t\t<\/div>\n\t\t<\/div>\n<footer class=\"edd-blocks__download-footer\">\n\t<div class=\"wp-block-edd-buy-button edd-blocks__buy-button\">\n<a href=\"https:\/\/www.coolastecentrum.com\/wp-content\/uploads\/2020\/10\/Reseguide-for-besokare-i-vinterklimat-2.pdf\" class=\"edd_free_link button blue edd-submit alignnone\">\n\t<span class=\"edd-add-to-cart-label\">Download<\/span>\n<\/a>\n<\/div><\/footer>\n\t\t<\/article>\n\t\t<\/div>\n","protected":false},"excerpt":{"rendered":"<p>Reseguide f\u00f6r bes\u00f6kare i vinterklimat ATT VISTAS I VINTERKLIMAT Vinterhalv\u00e5ret \u00e4r en exotisk period f\u00f6r bes\u00f6kare eftersom man d\u00e5 antingen ser solen bara under n\u00e5gon timme eller s\u00e5 stiger den inte alls \u00f6ver horisonten. Att bygga en vak Verktyg och instruktioner hur man bygger en vak.<\/p>\n","protected":false},"author":5,"featured_media":0,"parent":0,"menu_order":0,"comment_status":"closed","ping_status":"closed","template":"","meta":{"footnotes":""},"class_list":["post-83","page","type-page","status-publish","hentry"],"_links":{"self":[{"href":"https:\/\/www.coolastecentrum.com\/index.php\/wp-json\/wp\/v2\/pages\/83","targetHints":{"allow":["GET"]}}],"collection":[{"href":"https:\/\/www.coolastecentrum.com\/index.php\/wp-json\/wp\/v2\/pages"}],"about":[{"href":"https:\/\/www.coolastecentrum.com\/index.php\/wp-json\/wp\/v2\/types\/page"}],"author":[{"embeddable":true,"href":"https:\/\/www.coolastecentrum.com\/index.php\/wp-json\/wp\/v2\/users\/5"}],"replies":[{"embeddable":true,"href":"https:\/\/www.coolastecentrum.com\/index.php\/wp-json\/wp\/v2\/comments?post=83"}],"version-history":[{"count":9,"href":"https:\/\/www.coolastecentrum.com\/index.php\/wp-json\/wp\/v2\/pages\/83\/revisions"}],"predecessor-version":[{"id":424,"href":"https:\/\/www.coolastecentrum.com\/index.php\/wp-json\/wp\/v2\/pages\/83\/revisions\/424"}],"wp:attachment":[{"href":"https:\/\/www.coolastecentrum.com\/index.php\/wp-json\/wp\/v2\/media?parent=83"}],"curies":[{"name":"wp","href":"https:\/\/api.w.org\/{rel}","templated":true}]}}